{"id":3131,"date":"2020-09-30T21:50:27","date_gmt":"2020-09-30T19:50:27","guid":{"rendered":"https:\/\/legacynotes.ch\/simulateur-de-prevention\/"},"modified":"2021-07-28T08:06:57","modified_gmt":"2021-07-28T06:06:57","slug":"simulateur-de-prevention","status":"publish","type":"page","link":"https:\/\/legacynotes.ch\/fr\/simulateur-de-prevention\/","title":{"rendered":"Simulateur de pr\u00e9vention"},"content":{"rendered":"<section class=\"l-section wpb_row height_auto width_full\"><div class=\"l-section-h i-cf\"><div class=\"g-cols vc_row type_default valign_top\"><div class=\"vc_col-sm-12 wpb_column vc_column_container\"><div class=\"vc_column-inner\"><div class=\"wpb_wrapper\">[rev_slider_vc alias=\u00a0\u00bbhero-simulator-landingpage\u00a0\u00bb]<\/div><\/div><\/div><\/div><\/div><\/section><section class=\"l-section wpb_row height_medium\"><div class=\"l-section-h i-cf\"><div class=\"g-cols vc_row type_default valign_top\"><div class=\"vc_col-sm-12 wpb_column vc_column_container\"><div class=\"vc_column-inner\"><div class=\"wpb_wrapper\"><div class=\"w-separator size_small\"><\/div><div class=\"wpb_text_column\" ><div class=\"wpb_wrapper\"><h4>Il existe des r\u00e9ponses individuelles \u00e0 ces questions. Renseigne-toi sur les pr\u00e9paratifs que tu veux faire personnellement pour te sentir bien pr\u00e9par\u00e9 \u00e0 tes d\u00e9cisions en cas d&rsquo;incapacit\u00e9 de discernement ou de d\u00e9c\u00e8s. Clique sur le simulateur et obtiens en quelques minutes ta liste personnelle de choses \u00e0 faire.<\/h4>\n<\/div><\/div><div class=\"w-separator size_large\" id=\"startsimulator\"><\/div>[vc_raw_html]PGxpbmsgcmVsPSJzdHlsZXNoZWV0IiBocmVmPSJodHRwczovL2FwcC5sZWdhY3lub3Rlcy5jaC9hc3NldHMvY3NzL21hdGVyaWFsLmNzcyIgLz4NCjxsaW5rIHJlbD0ic3R5bGVzaGVldCIgaHJlZj0iaHR0cHM6Ly9hcHAubGVnYWN5bm90ZXMuY2gvYXNzZXRzL2Nzcy9hcHBzLmNzcyIgLz4NCjxsaW5rIHJlbD0ic3R5bGVzaGVldCIgaHJlZj0iaHR0cHM6Ly9hcHAubGVnYWN5bm90ZXMuY2gvc2ltdWxhdG9yL2Nzcy9hcHAuY3NzIiAvPg0KDQo8c3R5bGU+DQoubG4tYXBwIC5tZGMtcmFkaW9fX2lubmVyLWNpcmNsZSwNCi5sbi1hcHAgLm1kYy1yYWRpb19fbmF0aXZlLWNvbnRyb2wsDQoubG4tYXBwIC5tZGMtc3dpdGNoX19uYXRpdmUtY29udHJvbCB7DQogIHdpZHRoOiAxMDAlOw0KICBoZWlnaHQ6IDEwMCU7DQp9DQo8L3N0eWxlPg0KDQo8ZGl2DQogIGlkPSJzLWFwcCINCiAgZGF0YS1sb2NhbGU9ImRlIg0KICBkYXRhLXB1YmxpYw0KPjwvZGl2Pg0KDQo8c2NyaXB0Pg0KICB3aW5kb3cuTE4gPSB3aW5kb3cuTE4gfHwge307DQogIHdpbmRvdy5MTi5pMThuID0gd2luZG93LkxOLmkxOG4gfHwge307DQo8L3NjcmlwdD4NCg0KPHNjcmlwdCBzcmM9Imh0dHBzOi8vYXBwLmxlZ2FjeW5vdGVzLmNoL2Fzc2V0cy9qcy9tYXRlcmlhbC5qcyI+PC9zY3JpcHQ+DQo8c2NyaXB0IHNyYz0iaHR0cHM6Ly9hcHAubGVnYWN5bm90ZXMuY2gvYXNzZXRzL2pzL2FwcHMuanMiPjwvc2NyaXB0Pg0KPHNjcmlwdCBzcmM9Imh0dHBzOi8vYXBwLmxlZ2FjeW5vdGVzLmNoL3NpbXVsYXRvci9qcy9jaHVuay12ZW5kb3JzLmpzIj48L3NjcmlwdD4NCjxzY3JpcHQgc3JjPSJodHRwczovL2FwcC5sZWdhY3lub3Rlcy5jaC9zaW11bGF0b3IvanMvYXBwLmpzIj48L3NjcmlwdD4=[\/vc_raw_html]<div class=\"w-separator size_medium\"><\/div><\/div><\/div><\/div><\/div><\/div><\/section><section class=\"l-section wpb_row height_medium\"><div class=\"l-section-h i-cf\"><div class=\"g-cols vc_row type_default valign_top\"><div class=\"vc_col-sm-12 wpb_column vc_column_container\"><div class=\"vc_column-inner\"><div class=\"wpb_wrapper\"><div class=\"wpb_text_column us_custom_4c77c721\" ><div class=\"wpb_wrapper\"><p>&nbsp;<\/p>\n<\/div><\/div><\/div><\/div><\/div><\/div><\/div><\/section><section class=\"l-section wpb_row us_custom_4edece6e height_medium\"><div class=\"l-section-h i-cf\"><div class=\"g-cols vc_row type_default valign_top\"><div class=\"vc_col-sm-12 wpb_column vc_column_container\"><div class=\"vc_column-inner us_custom_7628a107\"><div class=\"wpb_wrapper\"><div class=\"wpb_text_column us_custom_d9d2068f\" ><div class=\"wpb_wrapper\"><p>&nbsp;<\/p>\n<\/div><\/div><div class=\"w-sharing type_simple align_left color_primary\"><div class=\"w-sharing-list\" data-sharing-url=\"https:\/\/legacynotes.ch\/vorsorge-simulator\" data-sharing-image><a class=\"w-sharing-item email\" href=\"javascript:void(0)\" title=\"Envoyer ceci par courriel\" aria-label=\"Envoyer ceci par courriel\"><i class=\"fas fa-envelope\"><\/i><\/a><a class=\"w-sharing-item facebook\" href=\"javascript:void(0)\" title=\"Partager ceci\" aria-label=\"Partager ceci\"><i class=\"fab fa-facebook\"><\/i><\/a><a class=\"w-sharing-item twitter\" href=\"javascript:void(0)\" title=\"Twitter ceci\" aria-label=\"Twitter ceci\"><i class=\"fab fa-twitter\"><\/i><\/a><a class=\"w-sharing-item linkedin\" href=\"javascript:void(0)\" title=\"Partager ceci\" aria-label=\"Partager ceci\"><i class=\"fab fa-linkedin\"><\/i><\/a><a class=\"w-sharing-item whatsapp\" href=\"javascript:void(0)\" title=\"Partager ceci\" aria-label=\"Partager ceci\"><i class=\"fab fa-whatsapp\"><\/i><\/a><a class=\"w-sharing-item xing\" href=\"javascript:void(0)\" title=\"Partager ceci\" aria-label=\"Partager ceci\"><i class=\"fab fa-xing\"><\/i><\/a><\/div><div class=\"w-sharing-tooltip\" style=\"display:none\" data-sharing-area=\"l-main\"><div class=\"w-sharing-list\" data-sharing-url=\"https:\/\/legacynotes.ch\/vorsorge-simulator\" data-sharing-image><a class=\"w-sharing-item email\" href=\"javascript:void(0)\" title=\"Envoyer ceci par courriel\" aria-label=\"Envoyer ceci par courriel\"><i class=\"fas fa-envelope\"><\/i><\/a><a class=\"w-sharing-item facebook\" href=\"javascript:void(0)\" title=\"Partager ceci\" aria-label=\"Partager ceci\"><i class=\"fab fa-facebook\"><\/i><\/a><a class=\"w-sharing-item twitter\" href=\"javascript:void(0)\" title=\"Twitter ceci\" aria-label=\"Twitter ceci\"><i class=\"fab fa-twitter\"><\/i><\/a><a class=\"w-sharing-item linkedin\" href=\"javascript:void(0)\" title=\"Partager ceci\" aria-label=\"Partager ceci\"><i class=\"fab fa-linkedin\"><\/i><\/a><a class=\"w-sharing-item whatsapp\" href=\"javascript:void(0)\" title=\"Partager ceci\" aria-label=\"Partager ceci\"><i class=\"fab fa-whatsapp\"><\/i><\/a><a class=\"w-sharing-item xing\" href=\"javascript:void(0)\" title=\"Partager ceci\" aria-label=\"Partager ceci\"><i class=\"fab fa-xing\"><\/i><\/a><a class=\"w-sharing-item copy2clipboard\" href=\"javascript:void(0)\" title=\"Copier\" aria-label=\"Copier\"><i class=\"fas fa-copy\"><\/i><\/a><\/div><\/div><\/div><\/div><\/div><\/div><\/div><\/div><\/section>\n","protected":false},"excerpt":{"rendered":"[rev_slider_vc alias=\"hero-simulator-landingpage\"]Il existe des r\u00e9ponses individuelles \u00e0 ces questions. Renseigne-toi sur les pr\u00e9paratifs que tu veux faire personnellement pour te sentir bien pr\u00e9par\u00e9 \u00e0 tes d\u00e9cisions en cas d&rsquo;incapacit\u00e9 de discernement ou de d\u00e9c\u00e8s. Clique sur le simulateur et obtiens en quelques minutes ta liste personnelle de choses \u00e0 faire. [vc_raw_html]PGxpbmsgcmVsPSJzdHlsZXNoZWV0IiBocmVmPSJodHRwczovL2FwcC5sZWdhY3lub3Rlcy5jaC9hc3NldHMvY3NzL21hdGVyaWFsLmNzcyIgLz4NCjxsaW5rIHJlbD0ic3R5bGVzaGVldCIgaHJlZj0iaHR0cHM6Ly9hcHAubGVnYWN5bm90ZXMuY2gvYXNzZXRzL2Nzcy9hcHBzLmNzcyIgLz4NCjxsaW5rIHJlbD0ic3R5bGVzaGVldCIgaHJlZj0iaHR0cHM6Ly9hcHAubGVnYWN5bm90ZXMuY2gvc2ltdWxhdG9yL2Nzcy9hcHAuY3NzIiAvPg0KDQo8c3R5bGU+DQoubG4tYXBwIC5tZGMtcmFkaW9fX2lubmVyLWNpcmNsZSwNCi5sbi1hcHAgLm1kYy1yYWRpb19fbmF0aXZlLWNvbnRyb2wsDQoubG4tYXBwIC5tZGMtc3dpdGNoX19uYXRpdmUtY29udHJvbCB7DQogIHdpZHRoOiAxMDAlOw0KICBoZWlnaHQ6IDEwMCU7DQp9DQo8L3N0eWxlPg0KDQo8ZGl2DQogIGlkPSJzLWFwcCINCiAgZGF0YS1sb2NhbGU9ImRlIg0KICBkYXRhLXB1YmxpYw0KPjwvZGl2Pg0KDQo8c2NyaXB0Pg0KICB3aW5kb3cuTE4gPSB3aW5kb3cuTE4gfHwge307DQogIHdpbmRvdy5MTi5pMThuID0gd2luZG93LkxOLmkxOG4gfHwge307DQo8L3NjcmlwdD4NCg0KPHNjcmlwdCBzcmM9Imh0dHBzOi8vYXBwLmxlZ2FjeW5vdGVzLmNoL2Fzc2V0cy9qcy9tYXRlcmlhbC5qcyI+PC9zY3JpcHQ+DQo8c2NyaXB0IHNyYz0iaHR0cHM6Ly9hcHAubGVnYWN5bm90ZXMuY2gvYXNzZXRzL2pzL2FwcHMuanMiPjwvc2NyaXB0Pg0KPHNjcmlwdCBzcmM9Imh0dHBzOi8vYXBwLmxlZ2FjeW5vdGVzLmNoL3NpbXVsYXRvci9qcy9jaHVuay12ZW5kb3JzLmpzIj48L3NjcmlwdD4NCjxzY3JpcHQgc3JjPSJodHRwczovL2FwcC5sZWdhY3lub3Rlcy5jaC9zaW11bGF0b3IvanMvYXBwLmpzIj48L3NjcmlwdD4=[\/vc_raw_html]&nbsp; &nbsp;","protected":false},"author":3,"featured_media":0,"parent":0,"menu_order":4,"comment_status":"closed","ping_status":"closed","template":"","meta":{"_mi_skip_tracking":false},"acf":[],"_links":{"self":[{"href":"https:\/\/legacynotes.ch\/fr\/wp-json\/wp\/v2\/pages\/3131"}],"collection":[{"href":"https:\/\/legacynotes.ch\/fr\/wp-json\/wp\/v2\/pages"}],"about":[{"href":"https:\/\/legacynotes.ch\/fr\/wp-json\/wp\/v2\/types\/page"}],"author":[{"embeddable":true,"href":"https:\/\/legacynotes.ch\/fr\/wp-json\/wp\/v2\/users\/3"}],"replies":[{"embeddable":true,"href":"https:\/\/legacynotes.ch\/fr\/wp-json\/wp\/v2\/comments?post=3131"}],"version-history":[{"count":11,"href":"https:\/\/legacynotes.ch\/fr\/wp-json\/wp\/v2\/pages\/3131\/revisions"}],"predecessor-version":[{"id":4658,"href":"https:\/\/legacynotes.ch\/fr\/wp-json\/wp\/v2\/pages\/3131\/revisions\/4658"}],"wp:attachment":[{"href":"https:\/\/legacynotes.ch\/fr\/wp-json\/wp\/v2\/media?parent=3131"}],"curies":[{"name":"wp","href":"https:\/\/api.w.org\/{rel}","templated":true}]}}