{"id":3208,"date":"2020-10-13T21:33:29","date_gmt":"2020-10-13T19:33:29","guid":{"rendered":"https:\/\/legacynotes.ch\/wissenswertes\/"},"modified":"2021-08-05T10:17:24","modified_gmt":"2021-08-05T08:17:24","slug":"wissenswertes","status":"publish","type":"page","link":"https:\/\/legacynotes.ch\/fr\/wissenswertes\/","title":{"rendered":"Actualit\u00e9s"},"content":{"rendered":"<section class=\"l-section wpb_row height_small\"><div class=\"l-section-h i-cf\"><div class=\"g-cols vc_row type_default valign_top\"><div class=\"vc_col-sm-12 wpb_column vc_column_container\"><div class=\"vc_column-inner\"><div class=\"wpb_wrapper\"><div class=\"wpb_text_column us_custom_a92bf69e\" ><div class=\"wpb_wrapper\"><h1>Actualit\u00e9s<\/h1>\n<\/div><\/div><\/div><\/div><\/div><\/div><\/div><\/section><section class=\"l-section wpb_row height_auto\"><div class=\"l-section-h i-cf\"><div class=\"g-cols vc_row type_default valign_top\"><div class=\"vc_col-sm-6 wpb_column vc_column_container\"><div class=\"vc_column-inner\"><div class=\"wpb_wrapper\"><\/div><\/div><\/div><div class=\"vc_col-sm-6 wpb_column vc_column_container\"><div class=\"vc_column-inner\"><div class=\"wpb_wrapper\"><\/div><\/div><\/div><\/div><\/div><\/section><section class=\"l-section wpb_row height_small mobileremove\"><div class=\"l-section-h i-cf\"><div class=\"g-cols vc_row type_default valign_top\"><div class=\"vc_col-sm-12 wpb_column vc_column_container\"><div class=\"vc_column-inner\"><div class=\"wpb_wrapper\"><div class=\"w-grid type_masonry layout_1144 cols_3 with_pagination overflow_hidden with_isotope\" id=\"us_grid_1\" data-filterable=\"true\"><style id=\"us_grid_1_css\">#us_grid_1 .w-grid-item{padding:1rem}#us_grid_1 .w-grid-list{margin:-1rem -1rem 1rem}.w-grid + #us_grid_1 .w-grid-list{margin-top:1rem}@media (max-width:899px){#us_grid_1 .w-grid-item{width:50.0000%}}@media (max-width:599px){#us_grid_1 .w-grid-list{margin:0}#us_grid_1 .w-grid-item{width:100.0000%;padding:0;margin-bottom:1rem}}<\/style><style>.layout_1144 .w-grid-item-h{background:#ffffff;border-radius:0.15rem;z-index:3;box-shadow:0 0.03rem 0.06rem rgba(0,0,0,0.1),0 0.10rem 0.30rem rgba(0,0,0,0.1);transition-duration:0.3s}.no-touch .layout_1144 .w-grid-item-h:hover{box-shadow:0 0.08rem 0.16rem rgba(0,0,0,0.1),0 0.27rem 0.80rem rgba(0,0,0,0.15);z-index:4}.layout_1144 .usg_post_image_1{transition-duration:0.3s;transform-origin:50% 50%;transform:scale(1) translate(0%,0%)}.layout_1144 .w-grid-item-h:hover .usg_post_image_1{transform:scale(1.1) translate(0%,0%);opacity:1}.layout_1144 .usg_vwrapper_1{padding:32px 22px 40px 30px!important}.layout_1144 .usg_hwrapper_1{color:#9da6a5!important}.layout_1144 .usg_post_taxonomy_1{font-family:'Roboto',sans-serif!important;font-size:0.9rem!important}.layout_1144 .usg_post_taxonomy_2{font-family:'Roboto',sans-serif!important;font-size:0.9rem!important}.layout_1144 .usg_post_content_1{font-family:'Roboto',sans-serif!important}.layout_1144 .usg_btn_1{margin-top:1rem!important}.layout_1144 .usg_post_date_1{margin-top:-15px!important;font-family:'Roboto',sans-serif!important;font-size:0.9rem!important;color:#9da6a5!important}<\/style><div class=\"w-grid-list\" >\t<article class=\"w-grid-item size_1x1 post-5442 post type-post status-publish format-standard has-post-thumbnail hentry category-actualites category-top-fr\" data-id=\"5442\">\r\n\t\t<div class=\"w-grid-item-h\">\r\n\t\t\t\t\t\t<div class=\"w-post-elm post_image usg_post_image_1 stretched blogbild\"><a href=\"https:\/\/legacynotes.ch\/fr\/finissage-shop-des-objets-particuliers-pour-le-dernier-voyage\/\" aria-label=\"finissage.shop &#8211; Des objets particuliers pour le dernier voyage\"><img width=\"600\" height=\"400\" src=\"https:\/\/legacynotes.ch\/wp-content\/uploads\/2025\/01\/legacynotes_finissage_urnfold_urnen_papier-600x400.png\" class=\"attachment-us_600_0 size-us_600_0 wp-post-image\" alt=\"\" loading=\"lazy\" srcset=\"https:\/\/legacynotes.ch\/wp-content\/uploads\/2025\/01\/legacynotes_finissage_urnfold_urnen_papier-600x400.png 600w, https:\/\/legacynotes.ch\/wp-content\/uploads\/2025\/01\/legacynotes_finissage_urnfold_urnen_papier-300x200.png 300w, https:\/\/legacynotes.ch\/wp-content\/uploads\/2025\/01\/legacynotes_finissage_urnfold_urnen_papier-1024x683.png 1024w, https:\/\/legacynotes.ch\/wp-content\/uploads\/2025\/01\/legacynotes_finissage_urnfold_urnen_papier-768x512.png 768w, https:\/\/legacynotes.ch\/wp-content\/uploads\/2025\/01\/legacynotes_finissage_urnfold_urnen_papier-150x100.png 150w, https:\/\/legacynotes.ch\/wp-content\/uploads\/2025\/01\/legacynotes_finissage_urnfold_urnen_papier-200x133.png 200w, https:\/\/legacynotes.ch\/wp-content\/uploads\/2025\/01\/legacynotes_finissage_urnfold_urnen_papier-188x125.png 188w, https:\/\/legacynotes.ch\/wp-content\/uploads\/2025\/01\/legacynotes_finissage_urnfold_urnen_papier-75x50.png 75w, https:\/\/legacynotes.ch\/wp-content\/uploads\/2025\/01\/legacynotes_finissage_urnfold_urnen_papier.png 1767w\" sizes=\"(max-width: 600px) 100vw, 600px\" \/><\/a><\/div><div class=\"w-vwrapper usg_vwrapper_1 align_left valign_top\"><div class=\"w-html usg_html_1\"><h4>finissage.shop &#8211; Des objets particuliers pour le dernier voyage<\/h4><\/div><div class=\"w-hwrapper usg_hwrapper_1 align_left valign_top wrap\"><div class=\"w-post-elm post_taxonomy usg_post_taxonomy_1 style_simple color_link_inherit\"><i class=\"material-icons\">assignment<\/i><a href=\"https:\/\/legacynotes.ch\/fr\/category\/actualites\/\">Actualit\u00e9s<\/a>, <a href=\"https:\/\/legacynotes.ch\/fr\/category\/top-fr\/\">Top<\/a><\/div><\/div><time class=\"w-post-elm post_date usg_post_date_1 entry-date published\" datetime=\"2025-02-19T16:33:46+02:00\"><i class=\"material-icons\">today<\/i>19. f\u00e9vrier 2025<\/time><div class=\"w-post-elm post_content usg_post_content_1\"><p>finissage.shop &#8211; Des articles sp\u00e9ciaux pour le dernier voyage. Entre autres, les magnifiques urnes en papier, faites \u00e0 la main et \u00e9cologiques, d&rsquo;Urnfold.<\/p>\n<\/div><a class=\"w-btn us-btn-style_2 usg_btn_1 icon_atright\" href=\"https:\/\/legacynotes.ch\/fr\/finissage-shop-des-objets-particuliers-pour-le-dernier-voyage\/\"><span class=\"w-btn-label\">Weiterlesen<\/span><i class=\"material-icons\">arrow_forward<\/i><\/a><\/div>\t\t<\/div>\r\n\t<\/article>\r\n\t<article class=\"w-grid-item size_1x1 post-3791 post type-post status-publish format-standard has-post-thumbnail hentry category-actualites category-cooperations category-kooperationen category-news category-top\" data-id=\"3791\">\r\n\t\t<div class=\"w-grid-item-h\">\r\n\t\t\t\t\t\t<div class=\"w-post-elm post_image usg_post_image_1 stretched blogbild\"><a href=\"https:\/\/legacynotes.ch\/fr\/kooperation-mit-dswiss-securesafe\/\" aria-label=\"Kooperation mit DSwiss\/SecureSafe\"><img width=\"600\" height=\"400\" src=\"https:\/\/legacynotes.ch\/wp-content\/uploads\/2021\/03\/ln_securesafe_v2-600x400.jpg\" class=\"attachment-us_600_0 size-us_600_0 wp-post-image\" alt=\"Vorschaubild Kooperation SecureSafe\" loading=\"lazy\" srcset=\"https:\/\/legacynotes.ch\/wp-content\/uploads\/2021\/03\/ln_securesafe_v2-600x400.jpg 600w, https:\/\/legacynotes.ch\/wp-content\/uploads\/2021\/03\/ln_securesafe_v2-300x200.jpg 300w, https:\/\/legacynotes.ch\/wp-content\/uploads\/2021\/03\/ln_securesafe_v2-1024x683.jpg 1024w, https:\/\/legacynotes.ch\/wp-content\/uploads\/2021\/03\/ln_securesafe_v2-768x512.jpg 768w, https:\/\/legacynotes.ch\/wp-content\/uploads\/2021\/03\/ln_securesafe_v2-150x100.jpg 150w, https:\/\/legacynotes.ch\/wp-content\/uploads\/2021\/03\/ln_securesafe_v2-200x133.jpg 200w, https:\/\/legacynotes.ch\/wp-content\/uploads\/2021\/03\/ln_securesafe_v2-188x125.jpg 188w, https:\/\/legacynotes.ch\/wp-content\/uploads\/2021\/03\/ln_securesafe_v2-75x50.jpg 75w, https:\/\/legacynotes.ch\/wp-content\/uploads\/2021\/03\/ln_securesafe_v2.jpg 1767w\" sizes=\"(max-width: 600px) 100vw, 600px\" \/><\/a><\/div><div class=\"w-vwrapper usg_vwrapper_1 align_left valign_top\"><div class=\"w-html usg_html_1\"><h4>Kooperation mit DSwiss\/SecureSafe<\/h4><\/div><div class=\"w-hwrapper usg_hwrapper_1 align_left valign_top wrap\"><div class=\"w-post-elm post_taxonomy usg_post_taxonomy_1 style_simple color_link_inherit\"><i class=\"material-icons\">assignment<\/i><a href=\"https:\/\/legacynotes.ch\/fr\/category\/actualites\/\">Actualit\u00e9s<\/a>, <a href=\"https:\/\/legacynotes.ch\/fr\/category\/cooperations\/\">Coop\u00e9rations<\/a>, <a href=\"https:\/\/legacynotes.ch\/category\/kooperationen\/\">Kooperationen<\/a>, <a href=\"https:\/\/legacynotes.ch\/category\/news\/\">News<\/a>, <a href=\"https:\/\/legacynotes.ch\/category\/top\/\">Top<\/a><\/div><\/div><time class=\"w-post-elm post_date usg_post_date_1 entry-date published\" datetime=\"2021-05-11T07:43:08+02:00\"><i class=\"material-icons\">today<\/i>11. mai 2021<\/time><div class=\"w-post-elm post_content usg_post_content_1\"><p>Wir freuen uns sehr \u00fcber die neue Kooperation mit SecureSafe, dem mehrfach preisgekr\u00f6nten Cloud-Speicher auf dem Sicherheitsniveau einer Schweizer Bank. <\/p>\n<\/div><a class=\"w-btn us-btn-style_2 usg_btn_1 icon_atright\" href=\"https:\/\/legacynotes.ch\/fr\/kooperation-mit-dswiss-securesafe\/\"><span class=\"w-btn-label\">Weiterlesen<\/span><i class=\"material-icons\">arrow_forward<\/i><\/a><\/div>\t\t<\/div>\r\n\t<\/article>\r\n\t<article class=\"w-grid-item size_1x1 post-3325 post type-post status-publish format-standard has-post-thumbnail hentry category-actualites category-cooperations category-hr-fr category-kooperationen-top-fr\" data-id=\"3325\">\r\n\t\t<div class=\"w-grid-item-h\">\r\n\t\t\t\t\t\t<div class=\"w-post-elm post_image usg_post_image_1 stretched blogbild\"><a href=\"https:\/\/legacynotes.ch\/fr\/partnerschaft-zwischen-der-sbb-und-legacynotes\/\" aria-label=\"Partnerschaft zwischen der SBB und LegacyNotes\"><img width=\"600\" height=\"400\" src=\"https:\/\/legacynotes.ch\/wp-content\/uploads\/2020\/10\/ln_sbb-600x400.png\" class=\"attachment-us_600_0 size-us_600_0 wp-post-image\" alt=\"\" loading=\"lazy\" srcset=\"https:\/\/legacynotes.ch\/wp-content\/uploads\/2020\/10\/ln_sbb-600x400.png 600w, https:\/\/legacynotes.ch\/wp-content\/uploads\/2020\/10\/ln_sbb-300x200.png 300w, https:\/\/legacynotes.ch\/wp-content\/uploads\/2020\/10\/ln_sbb-1024x683.png 1024w, https:\/\/legacynotes.ch\/wp-content\/uploads\/2020\/10\/ln_sbb-768x512.png 768w, https:\/\/legacynotes.ch\/wp-content\/uploads\/2020\/10\/ln_sbb-150x100.png 150w, https:\/\/legacynotes.ch\/wp-content\/uploads\/2020\/10\/ln_sbb-200x133.png 200w, https:\/\/legacynotes.ch\/wp-content\/uploads\/2020\/10\/ln_sbb-188x125.png 188w, https:\/\/legacynotes.ch\/wp-content\/uploads\/2020\/10\/ln_sbb-75x50.png 75w, https:\/\/legacynotes.ch\/wp-content\/uploads\/2020\/10\/ln_sbb.png 1767w\" sizes=\"(max-width: 600px) 100vw, 600px\" \/><\/a><\/div><div class=\"w-vwrapper usg_vwrapper_1 align_left valign_top\"><div class=\"w-html usg_html_1\"><h4>Partnerschaft zwischen der SBB und LegacyNotes<\/h4><\/div><div class=\"w-hwrapper usg_hwrapper_1 align_left valign_top wrap\"><div class=\"w-post-elm post_taxonomy usg_post_taxonomy_1 style_simple color_link_inherit\"><i class=\"material-icons\">assignment<\/i><a href=\"https:\/\/legacynotes.ch\/fr\/category\/actualites\/\">Actualit\u00e9s<\/a>, <a href=\"https:\/\/legacynotes.ch\/fr\/category\/cooperations\/\">Coop\u00e9rations<\/a>, <a href=\"https:\/\/legacynotes.ch\/fr\/category\/hr-fr\/\">HR<\/a>, <a href=\"https:\/\/legacynotes.ch\/fr\/category\/kooperationen-top-fr\/\">Kooperationen-Top<\/a><\/div><\/div><time class=\"w-post-elm post_date usg_post_date_1 entry-date published\" datetime=\"2020-10-28T12:10:08+02:00\"><i class=\"material-icons\">today<\/i>28. octobre 2020<\/time><div class=\"w-post-elm post_content usg_post_content_1\"><p>Seit Anfang Oktober 2020 profitieren die Mitarbeitenden &#038; Pensionierten der SBB und Partnerbetriebe von attraktiven Konditionen auf LegacyNotes Pakete.<\/p>\n<\/div><a class=\"w-btn us-btn-style_2 usg_btn_1 icon_atright\" href=\"https:\/\/legacynotes.ch\/fr\/partnerschaft-zwischen-der-sbb-und-legacynotes\/\"><span class=\"w-btn-label\">Weiterlesen<\/span><i class=\"material-icons\">arrow_forward<\/i><\/a><\/div>\t\t<\/div>\r\n\t<\/article>\r\n\t<article class=\"w-grid-item size_1x1 post-3215 post type-post status-publish format-standard has-post-thumbnail hentry category-actualites category-cooperations category-hr-fr category-top-fr\" data-id=\"3215\">\r\n\t\t<div class=\"w-grid-item-h\">\r\n\t\t\t\t\t\t<div class=\"w-post-elm post_image usg_post_image_1 stretched blogbild\"><a href=\"https:\/\/legacynotes.ch\/fr\/kooperation-mit-der-st-galler-kantonalbank-ag\/\" aria-label=\"Kooperation mit der St. Galler Kantonalbank AG\"><img width=\"600\" height=\"400\" src=\"https:\/\/legacynotes.ch\/wp-content\/uploads\/2020\/05\/ln_sgkb-600x400.png\" class=\"attachment-us_600_0 size-us_600_0 wp-post-image\" alt=\"Vorschaubild Kooperation SGKB St.Galler Kantonalbank\" loading=\"lazy\" srcset=\"https:\/\/legacynotes.ch\/wp-content\/uploads\/2020\/05\/ln_sgkb-600x400.png 600w, https:\/\/legacynotes.ch\/wp-content\/uploads\/2020\/05\/ln_sgkb-300x200.png 300w, https:\/\/legacynotes.ch\/wp-content\/uploads\/2020\/05\/ln_sgkb-1024x683.png 1024w, https:\/\/legacynotes.ch\/wp-content\/uploads\/2020\/05\/ln_sgkb-768x512.png 768w, https:\/\/legacynotes.ch\/wp-content\/uploads\/2020\/05\/ln_sgkb-150x100.png 150w, https:\/\/legacynotes.ch\/wp-content\/uploads\/2020\/05\/ln_sgkb-200x133.png 200w, https:\/\/legacynotes.ch\/wp-content\/uploads\/2020\/05\/ln_sgkb-188x125.png 188w, https:\/\/legacynotes.ch\/wp-content\/uploads\/2020\/05\/ln_sgkb-75x50.png 75w, https:\/\/legacynotes.ch\/wp-content\/uploads\/2020\/05\/ln_sgkb.png 1767w\" sizes=\"(max-width: 600px) 100vw, 600px\" \/><\/a><\/div><div class=\"w-vwrapper usg_vwrapper_1 align_left valign_top\"><div class=\"w-html usg_html_1\"><h4>Kooperation mit der St. Galler Kantonalbank AG<\/h4><\/div><div class=\"w-hwrapper usg_hwrapper_1 align_left valign_top wrap\"><div class=\"w-post-elm post_taxonomy usg_post_taxonomy_1 style_simple color_link_inherit\"><i class=\"material-icons\">assignment<\/i><a href=\"https:\/\/legacynotes.ch\/fr\/category\/actualites\/\">Actualit\u00e9s<\/a>, <a href=\"https:\/\/legacynotes.ch\/fr\/category\/cooperations\/\">Coop\u00e9rations<\/a>, <a href=\"https:\/\/legacynotes.ch\/fr\/category\/hr-fr\/\">HR<\/a>, <a href=\"https:\/\/legacynotes.ch\/fr\/category\/top-fr\/\">Top<\/a><\/div><\/div><time class=\"w-post-elm post_date usg_post_date_1 entry-date published\" datetime=\"2020-05-01T22:01:11+02:00\"><i class=\"material-icons\">today<\/i>1. mai 2020<\/time><div class=\"w-post-elm post_content usg_post_content_1\"><p>Im Bereich der Nachlassplanung hat sich die St.Galler Kantonalbank f\u00fcr LegacyNotes als unabh\u00e4ngige Plattform f\u00fcr ihre Kunden entschieden.<\/p>\n<\/div><a class=\"w-btn us-btn-style_2 usg_btn_1 icon_atright\" href=\"https:\/\/legacynotes.ch\/fr\/kooperation-mit-der-st-galler-kantonalbank-ag\/\"><span class=\"w-btn-label\">Weiterlesen<\/span><i class=\"material-icons\">arrow_forward<\/i><\/a><\/div>\t\t<\/div>\r\n\t<\/article>\r\n\t<article class=\"w-grid-item size_1x1 post-3237 post type-post status-publish format-standard has-post-thumbnail hentry category-knowhow-fr\" data-id=\"3237\">\r\n\t\t<div class=\"w-grid-item-h\">\r\n\t\t\t\t\t\t<div class=\"w-post-elm post_image usg_post_image_1 stretched blogbild\"><a href=\"https:\/\/legacynotes.ch\/fr\/was-macht-legacynotes-so-aussergewoehnlich\/\" aria-label=\"Was macht LegacyNotes so aussergew\u00f6hnlich?\"><img width=\"600\" height=\"400\" src=\"https:\/\/legacynotes.ch\/wp-content\/uploads\/2020\/03\/LCN_Video-Placeholder_Vorteile_24x16-600x400.jpg\" class=\"attachment-us_600_0 size-us_600_0 wp-post-image\" alt=\"\" loading=\"lazy\" srcset=\"https:\/\/legacynotes.ch\/wp-content\/uploads\/2020\/03\/LCN_Video-Placeholder_Vorteile_24x16-600x400.jpg 600w, https:\/\/legacynotes.ch\/wp-content\/uploads\/2020\/03\/LCN_Video-Placeholder_Vorteile_24x16-300x200.jpg 300w, https:\/\/legacynotes.ch\/wp-content\/uploads\/2020\/03\/LCN_Video-Placeholder_Vorteile_24x16-1024x683.jpg 1024w, https:\/\/legacynotes.ch\/wp-content\/uploads\/2020\/03\/LCN_Video-Placeholder_Vorteile_24x16-768x512.jpg 768w, https:\/\/legacynotes.ch\/wp-content\/uploads\/2020\/03\/LCN_Video-Placeholder_Vorteile_24x16-150x100.jpg 150w, https:\/\/legacynotes.ch\/wp-content\/uploads\/2020\/03\/LCN_Video-Placeholder_Vorteile_24x16-200x133.jpg 200w, https:\/\/legacynotes.ch\/wp-content\/uploads\/2020\/03\/LCN_Video-Placeholder_Vorteile_24x16-188x125.jpg 188w, https:\/\/legacynotes.ch\/wp-content\/uploads\/2020\/03\/LCN_Video-Placeholder_Vorteile_24x16-75x50.jpg 75w, https:\/\/legacynotes.ch\/wp-content\/uploads\/2020\/03\/LCN_Video-Placeholder_Vorteile_24x16.jpg 1620w\" sizes=\"(max-width: 600px) 100vw, 600px\" \/><\/a><\/div><div class=\"w-vwrapper usg_vwrapper_1 align_left valign_top\"><div class=\"w-html usg_html_1\"><h4>Was macht LegacyNotes so aussergew\u00f6hnlich?<\/h4><\/div><div class=\"w-hwrapper usg_hwrapper_1 align_left valign_top wrap\"><div class=\"w-post-elm post_taxonomy usg_post_taxonomy_1 style_simple color_link_inherit\"><i class=\"material-icons\">assignment<\/i><a href=\"https:\/\/legacynotes.ch\/fr\/category\/knowhow-fr\/\">KnowHow<\/a><\/div><\/div><time class=\"w-post-elm post_date usg_post_date_1 entry-date published\" datetime=\"2020-03-20T22:33:54+02:00\"><i class=\"material-icons\">today<\/i>20. mars 2020<\/time><div class=\"w-post-elm post_content usg_post_content_1\"><p>Wie kam es zu LegacyNotes, und was macht die L\u00f6sung so einzigartig auf dem Schweizer Markt?<\/p>\n<\/div><a class=\"w-btn us-btn-style_2 usg_btn_1 icon_atright\" href=\"https:\/\/legacynotes.ch\/fr\/was-macht-legacynotes-so-aussergewoehnlich\/\"><span class=\"w-btn-label\">Weiterlesen<\/span><i class=\"material-icons\">arrow_forward<\/i><\/a><\/div>\t\t<\/div>\r\n\t<\/article>\r\n\t<article class=\"w-grid-item size_1x1 post-3239 post type-post status-publish format-standard has-post-thumbnail hentry category-actualites category-nouvelles-fonctions\" data-id=\"3239\">\r\n\t\t<div class=\"w-grid-item-h\">\r\n\t\t\t\t\t\t<div class=\"w-post-elm post_image usg_post_image_1 stretched blogbild\"><a href=\"https:\/\/legacynotes.ch\/fr\/der-vorsorge-simulator-von-legacynotes\/\" aria-label=\"Le simulateur de pr\u00e9voyance LegacyNotes\"><img width=\"600\" height=\"314\" src=\"https:\/\/legacynotes.ch\/wp-content\/uploads\/2019\/12\/Screens_Vorsorge-Simulator-600x314.png\" class=\"attachment-us_600_0 size-us_600_0 wp-post-image\" alt=\"Capture d&#039;\u00e9cran du simulateur de pr\u00e9voyance LegacyNotes\" loading=\"lazy\" srcset=\"https:\/\/legacynotes.ch\/wp-content\/uploads\/2019\/12\/Screens_Vorsorge-Simulator-600x314.png 600w, https:\/\/legacynotes.ch\/wp-content\/uploads\/2019\/12\/Screens_Vorsorge-Simulator-300x157.png 300w, https:\/\/legacynotes.ch\/wp-content\/uploads\/2019\/12\/Screens_Vorsorge-Simulator-1024x536.png 1024w, https:\/\/legacynotes.ch\/wp-content\/uploads\/2019\/12\/Screens_Vorsorge-Simulator-768x402.png 768w, https:\/\/legacynotes.ch\/wp-content\/uploads\/2019\/12\/Screens_Vorsorge-Simulator-150x79.png 150w, https:\/\/legacynotes.ch\/wp-content\/uploads\/2019\/12\/Screens_Vorsorge-Simulator-200x105.png 200w\" sizes=\"(max-width: 600px) 100vw, 600px\" \/><\/a><\/div><div class=\"w-vwrapper usg_vwrapper_1 align_left valign_top\"><div class=\"w-html usg_html_1\"><h4>Le simulateur de pr\u00e9voyance LegacyNotes<\/h4><\/div><div class=\"w-hwrapper usg_hwrapper_1 align_left valign_top wrap\"><div class=\"w-post-elm post_taxonomy usg_post_taxonomy_1 style_simple color_link_inherit\"><i class=\"material-icons\">assignment<\/i><a href=\"https:\/\/legacynotes.ch\/fr\/category\/actualites\/\">Actualit\u00e9s<\/a>, <a href=\"https:\/\/legacynotes.ch\/fr\/category\/nouvelles-fonctions\/\">Nouvelles fonctions<\/a><\/div><\/div><time class=\"w-post-elm post_date usg_post_date_1 entry-date published\" datetime=\"2019-12-26T22:40:08+02:00\"><i class=\"material-icons\">today<\/i>26. d\u00e9cembre 2019<\/time><div class=\"w-post-elm post_content usg_post_content_1\"><p>Avec le simulateur de pr\u00e9voyance LegacyNotes, il est possible de d\u00e9couvrir des lacunes dans le domaine de la pr\u00e9voyance personnelle.<\/p>\n<\/div><a class=\"w-btn us-btn-style_2 usg_btn_1 icon_atright\" href=\"https:\/\/legacynotes.ch\/fr\/der-vorsorge-simulator-von-legacynotes\/\"><span class=\"w-btn-label\">Weiterlesen<\/span><i class=\"material-icons\">arrow_forward<\/i><\/a><\/div>\t\t<\/div>\r\n\t<\/article>\r\n<\/div><div class=\"w-grid-preloader\"><div class=\"g-preloader type_1\">\r\n\t<div><\/div>\r\n<\/div>\r\n<\/div>\t<div class=\"w-grid-json hidden\" onclick='return {&quot;action&quot;:&quot;us_ajax_grid&quot;,&quot;ajax_url&quot;:&quot;https:\\\/\\\/legacynotes.ch\\\/wp-admin\\\/admin-ajax.php&quot;,&quot;infinite_scroll&quot;:0,&quot;max_num_pages&quot;:1,&quot;pagination&quot;:&quot;regular&quot;,&quot;permalink_url&quot;:&quot;https:\\\/\\\/legacynotes.ch\\\/fr\\\/wp-json\\\/wp\\\/v2\\\/pages\\\/3208\\\/&quot;,&quot;template_vars&quot;:{&quot;columns&quot;:&quot;3&quot;,&quot;exclude_items&quot;:&quot;none&quot;,&quot;img_size&quot;:&quot;us_600_0&quot;,&quot;ignore_items_size&quot;:false,&quot;items_layout&quot;:&quot;1144&quot;,&quot;items_offset&quot;:&quot;1&quot;,&quot;load_animation&quot;:&quot;none&quot;,&quot;overriding_link&quot;:&quot;none&quot;,&quot;post_id&quot;:3208,&quot;query_args&quot;:{&quot;post_type&quot;:[&quot;post&quot;],&quot;tax_query&quot;:[{&quot;taxonomy&quot;:&quot;category&quot;,&quot;field&quot;:&quot;slug&quot;,&quot;terms&quot;:[&quot;knowhow-fr&quot;,&quot;cooperations&quot;,&quot;media&quot;,&quot;nouvelles-fonctions&quot;,&quot;actualites&quot;,&quot;conseils&quot;]}],&quot;post_status&quot;:[&quot;publish&quot;,&quot;acf-disabled&quot;],&quot;posts_per_page&quot;:&quot;20&quot;},&quot;orderby_query_args&quot;:{&quot;orderby&quot;:{&quot;date&quot;:&quot;DESC&quot;}},&quot;type&quot;:&quot;masonry&quot;,&quot;us_grid_ajax_index&quot;:1,&quot;us_grid_filter_params&quot;:null,&quot;us_grid_index&quot;:1,&quot;_us_grid_post_type&quot;:&quot;post&quot;,&quot;lang&quot;:&quot;fr&quot;}}'><\/div>\r\n\t<\/div><\/div><\/div><\/div><\/div><\/div><\/section><!-- Row Backgrounds --><div class=\"upb_grad\" data-grad=\"background: -webkit-gradient(linear, left top, left bottom, color-stop(0{d59340647e64cbf0aed2ed5044d75053e9b557f2b727e3b45450c2d1d1c544d2}, #FFFFFF), color-stop(100{d59340647e64cbf0aed2ed5044d75053e9b557f2b727e3b45450c2d1d1c544d2}, #F7F7F7));background: -moz-linear-gradient(top,#FFFFFF 0{d59340647e64cbf0aed2ed5044d75053e9b557f2b727e3b45450c2d1d1c544d2},#F7F7F7 100{d59340647e64cbf0aed2ed5044d75053e9b557f2b727e3b45450c2d1d1c544d2});background: -webkit-linear-gradient(top,#FFFFFF 0{d59340647e64cbf0aed2ed5044d75053e9b557f2b727e3b45450c2d1d1c544d2},#F7F7F7 100{d59340647e64cbf0aed2ed5044d75053e9b557f2b727e3b45450c2d1d1c544d2});background: -o-linear-gradient(top,#FFFFFF 0{d59340647e64cbf0aed2ed5044d75053e9b557f2b727e3b45450c2d1d1c544d2},#F7F7F7 100{d59340647e64cbf0aed2ed5044d75053e9b557f2b727e3b45450c2d1d1c544d2});background: -ms-linear-gradient(top,#FFFFFF 0{d59340647e64cbf0aed2ed5044d75053e9b557f2b727e3b45450c2d1d1c544d2},#F7F7F7 100{d59340647e64cbf0aed2ed5044d75053e9b557f2b727e3b45450c2d1d1c544d2});background: linear-gradient(top,#FFFFFF 0{d59340647e64cbf0aed2ed5044d75053e9b557f2b727e3b45450c2d1d1c544d2},#F7F7F7 100{d59340647e64cbf0aed2ed5044d75053e9b557f2b727e3b45450c2d1d1c544d2});\" data-bg-override=\"0\" data-upb-overlay-color=\"\" data-upb-bg-animation=\"\" data-fadeout=\"\" data-fadeout-percentage=\"30\" data-parallax-content=\"\" data-parallax-content-sense=\"30\" data-row-effect-mobile-disable=\"true\" data-img-parallax-mobile-disable=\"true\" data-rtl=\"false\"  data-custom-vc-row=\"\"  data-vc=\"6.7.0\"  data-is_old_vc=\"\"  data-theme-support=\"\"   data-overlay=\"false\" data-overlay-color=\"\" data-overlay-pattern=\"\" data-overlay-pattern-opacity=\"\" data-overlay-pattern-size=\"\"    ><\/div><section class=\"l-section wpb_row height_medium\"><div class=\"l-section-h i-cf\"><div class=\"g-cols vc_row type_default valign_top\"><div class=\"vc_col-sm-12 wpb_column vc_column_container\"><div class=\"vc_column-inner us_custom_ec9218fc\"><div class=\"wpb_wrapper\"><div class=\"wpb_text_column us_custom_d9d2068f\" ><div class=\"wpb_wrapper\"><p><strong>Vous trouvez LegacyNotes int\u00e9ressante?<\/strong><br \/>\nNous serions heureux que vous partagiez LegacyNotes avec vos contacts dans les r\u00e9seaux sociaux.<\/p>\n<\/div><\/div><div class=\"w-sharing type_simple align_left color_primary\"><div class=\"w-sharing-list\" data-sharing-url=\"https:\/\/legacynotes.ch\/uber-uns\" data-sharing-image=\"https:\/\/legacynotes.ch\/wp-content\/uploads\/2019\/12\/Screens_Vorsorge-Simulator-1024x536.png\"><a class=\"w-sharing-item email\" href=\"javascript:void(0)\" title=\"Envoyer ceci par courriel\" aria-label=\"Envoyer ceci par courriel\"><i class=\"fas fa-envelope\"><\/i><\/a><a class=\"w-sharing-item facebook\" href=\"javascript:void(0)\" title=\"Partager ceci\" aria-label=\"Partager ceci\"><i class=\"fab fa-facebook\"><\/i><\/a><a class=\"w-sharing-item twitter\" href=\"javascript:void(0)\" title=\"Twitter ceci\" aria-label=\"Twitter ceci\"><i class=\"fab fa-twitter\"><\/i><\/a><a class=\"w-sharing-item linkedin\" href=\"javascript:void(0)\" title=\"Partager ceci\" aria-label=\"Partager ceci\"><i class=\"fab fa-linkedin\"><\/i><\/a><a class=\"w-sharing-item whatsapp\" href=\"javascript:void(0)\" title=\"Partager ceci\" aria-label=\"Partager ceci\"><i class=\"fab fa-whatsapp\"><\/i><\/a><a class=\"w-sharing-item xing\" href=\"javascript:void(0)\" title=\"Partager ceci\" aria-label=\"Partager ceci\"><i class=\"fab fa-xing\"><\/i><\/a><\/div><\/div><\/div><\/div><\/div><\/div><\/div><\/section>\n","protected":false},"excerpt":{"rendered":"today26. d\u00e9cembre 2019Le simulateur de pr\u00e9voyance LegacyNote &nbsp; Avec le simulateur de pr\u00e9voyance LegacyNotes, il est possible de d\u00e9couvrir des lacunes dans le domaine de la pr\u00e9voyance personnelle. Contrairement \u00e0 une id\u00e9e re\u00e7ue, la pr\u00e9voyance ne se r\u00e9sume pas \u00e0 des questions purement financi\u00e8res. Il s&rsquo;agit plut\u00f4t du degr\u00e9 d&rsquo;autod\u00e9termination personnelle ainsi que du soulagement...","protected":false},"author":3,"featured_media":0,"parent":0,"menu_order":7,"comment_status":"closed","ping_status":"closed","template":"","meta":{"_mi_skip_tracking":false},"acf":[],"_links":{"self":[{"href":"https:\/\/legacynotes.ch\/fr\/wp-json\/wp\/v2\/pages\/3208"}],"collection":[{"href":"https:\/\/legacynotes.ch\/fr\/wp-json\/wp\/v2\/pages"}],"about":[{"href":"https:\/\/legacynotes.ch\/fr\/wp-json\/wp\/v2\/types\/page"}],"author":[{"embeddable":true,"href":"https:\/\/legacynotes.ch\/fr\/wp-json\/wp\/v2\/users\/3"}],"replies":[{"embeddable":true,"href":"https:\/\/legacynotes.ch\/fr\/wp-json\/wp\/v2\/comments?post=3208"}],"version-history":[{"count":13,"href":"https:\/\/legacynotes.ch\/fr\/wp-json\/wp\/v2\/pages\/3208\/revisions"}],"predecessor-version":[{"id":4729,"href":"https:\/\/legacynotes.ch\/fr\/wp-json\/wp\/v2\/pages\/3208\/revisions\/4729"}],"wp:attachment":[{"href":"https:\/\/legacynotes.ch\/fr\/wp-json\/wp\/v2\/media?parent=3208"}],"curies":[{"name":"wp","href":"https:\/\/api.w.org\/{rel}","templated":true}]}}