{"id":4012,"date":"2021-06-06T22:20:01","date_gmt":"2021-06-06T20:20:01","guid":{"rendered":"https:\/\/legacynotes.ch\/prix-2\/"},"modified":"2026-05-05T22:50:34","modified_gmt":"2026-05-05T20:50:34","slug":"prix","status":"publish","type":"page","link":"https:\/\/legacynotes.ch\/fr\/prix\/","title":{"rendered":"Prix"},"content":{"rendered":"<section class=\"l-section wpb_row height_small\"><div class=\"l-section-h i-cf\"><div class=\"g-cols vc_row type_default valign_top\"><div class=\"vc_col-sm-12 wpb_column vc_column_container\"><div class=\"vc_column-inner\"><div class=\"wpb_wrapper\"><div class=\"wpb_text_column us_custom_a92bf69e\" ><div class=\"wpb_wrapper\"><h1>Prix et forfaits<\/h1>\n<\/div><\/div><div class=\"w-separator size_medium\"><\/div><\/div><\/div><\/div><\/div><\/div><\/section><section class=\"l-section wpb_row height_auto\"><div class=\"l-section-h i-cf\"><div class=\"g-cols vc_row type_default valign_top\"><div class=\"vc_col-sm-12 wpb_column vc_column_container\"><div class=\"vc_column-inner\"><div class=\"wpb_wrapper\"><div class=\"wpb_text_column\" ><div class=\"wpb_wrapper\"><h4>LegacyNotes est con\u00e7u pour aider les gens \u00e0 prendre des d\u00e9cisions difficiles. De nombreuses fonctions sont donc disponibles gratuitement dans l&rsquo;offre de base. Si vous souhaitez utiliser des fonctions suppl\u00e9mentaires, vous les obtenez avec le forfait Premium ou Lifetime: dans le cadre d&rsquo;un abonnement annuel ou en payant un droit de licence unique.<\/h4>\n<\/div><\/div><div class=\"wpb_text_column\" ><div class=\"wpb_wrapper\"><p>\u00a0<\/p>\n<\/div><\/div><div class=\"wpb_text_column\" ><div class=\"wpb_wrapper\"><p>\u00a0<\/p>\n<\/div><\/div><\/div><\/div><\/div><\/div><\/div><\/section><!-- Row Backgrounds --><div class=\"upb_color\" data-bg-override=\"0\" data-bg-color=\"#ededed\" data-fadeout=\"\" data-fadeout-percentage=\"30\" data-parallax-content=\"\" data-parallax-content-sense=\"30\" data-row-effect-mobile-disable=\"true\" data-img-parallax-mobile-disable=\"true\" data-rtl=\"false\"  data-custom-vc-row=\"\"  data-vc=\"6.7.0\"  data-is_old_vc=\"\"  data-theme-support=\"\"   data-overlay=\"false\" data-overlay-color=\"\" data-overlay-pattern=\"\" data-overlay-pattern-opacity=\"\" data-overlay-pattern-size=\"\"    ><\/div><section class=\"l-section wpb_row height_small with_overlay\"><div class=\"l-section-overlay\" style=\"background: #ededed\"><\/div><div class=\"l-section-h i-cf\"><div class=\"g-cols vc_row type_boxes valign_middle\"><div class=\"vc_col-sm-4 wpb_column vc_column_container\"><div class=\"vc_column-inner us_custom_dff83e3a\"><div class=\"wpb_wrapper\"><div class=\"w-separator size_medium\"><\/div><div class=\"g-cols wpb_row  us_custom_80165a30 type_default valign_top vc_inner\"><div class=\"vc_col-sm-12 wpb_column vc_column_container\"><div class=\"vc_column-inner\"><div class=\"wpb_wrapper\"><div class=\"w-separator size_small\"><\/div><div class=\"wpb_text_column us_custom_d9d2068f\" ><div class=\"wpb_wrapper\"><h4 style=\"color: #009966; font-weight: bold; letter-spacing: 0.5px; text-align: left;\">BASE<\/h4>\n<\/div><\/div><div class=\"wpb_text_column us_custom_4a71da3c\" ><div class=\"wpb_wrapper\"><p>GRATUIT<\/p>\n<\/div><\/div><div class=\"wpb_text_column us_custom_b64f64a6\" ><div class=\"wpb_wrapper\"><h6 style=\"text-align: center;\">ind\u00e9finiment<\/h6>\n<\/div><\/div><div class=\"w-separator size_custom\" style=\"height:66px\"><\/div><\/div><\/div><\/div><\/div><div class=\"g-cols wpb_row  us_custom_4fb9e5a3 type_default valign_top vc_inner\"><div class=\"vc_col-sm-12 wpb_column vc_column_container\"><div class=\"vc_column-inner\"><div class=\"wpb_wrapper\"><div class=\"wpb_text_column us_custom_e75e05de\" ><div class=\"wpb_wrapper\"><p class=\"p1\">Les fonctions les plus importantes de l&rsquo;application sont et resteront gratuites.<\/p>\n<\/div><\/div><div class=\"wpb_text_column us_custom_b64f64a6\" ><div class=\"wpb_wrapper\"><ul>\n<li>Souhaits fun\u00e9raires<\/li>\n<li>5 contacts<\/li>\n<li>2 documents par cat\u00e9gorie de la vie quotidienne<\/li>\n<li>2 autorisations d&rsquo;acc\u00e8s<\/li>\n<\/ul>\n<\/div><\/div><div class=\"w-separator size_custom\" style=\"height:70px\"><\/div><div class=\"w-btn-wrapper width_full\"><a class=\"w-btn us-btn-style_1 icon_atleft\" id=\"LINKIDPRICE\" target=\"_blank\" href=\"https:\/\/app.legacynotes.ch\/user\/registration?lang=fr\" rel=\"noopener\"><i class=\"material-icons\">verified_user<\/i><span class=\"w-btn-label\">COMMENCER<\/span><\/a><\/div><div class=\"w-separator size_custom\" style=\"height:100px\"><\/div><\/div><\/div><\/div><\/div><\/div><\/div><\/div><div class=\"vc_col-sm-4 wpb_column vc_column_container\"><div class=\"vc_column-inner us_custom_16aabb7b\"><div class=\"wpb_wrapper\"><div class=\"w-separator size_medium\"><\/div><div class=\"g-cols wpb_row  us_custom_cb9c3f73 type_default valign_top vc_inner\"><div class=\"vc_col-sm-12 wpb_column vc_column_container\"><div class=\"vc_column-inner\"><div class=\"wpb_wrapper\"><div class=\"w-separator size_small\"><\/div><div class=\"wpb_text_column us_custom_d9d2068f\" ><div class=\"wpb_wrapper\"><h4 style=\"color: #ffffff; font-weight: bold; letter-spacing: 0.5px;\">PREMIUM<\/h4>\n<\/div><\/div><div class=\"wpb_text_column\" ><div class=\"wpb_wrapper\"><h2 style=\"font-size: 85px; text-align: center;\">3.75<\/h2>\n<\/div><\/div><div class=\"wpb_text_column us_custom_b64f64a6\" ><div class=\"wpb_wrapper\"><h6 style=\"text-align: center;\">CHF\/mois *<\/h6>\n<\/div><\/div><\/div><\/div><\/div><\/div><div class=\"g-cols wpb_row  us_custom_4fb9e5a3 type_default valign_top vc_inner\"><div class=\"vc_col-sm-12 wpb_column vc_column_container\"><div class=\"vc_column-inner\"><div class=\"wpb_wrapper\"><div class=\"wpb_text_column us_custom_e75e05de\" ><div class=\"wpb_wrapper\"><p><strong>Ici, toutes les fonctions de la version de base sont incluses. En outre, vous b\u00e9n\u00e9ficiez de nombreuses fonctions puissantes.<\/strong><\/p>\n<\/div><\/div><div class=\"wpb_text_column us_custom_b64f64a6\" ><div class=\"wpb_wrapper\"><ul>\n<li>Mandat de protection future<\/li>\n<li>Directives anticip\u00e9es avec assistant d&rsquo;urgence<\/li>\n<li>Planification successorale<\/li>\n<li>Fonctions de rappel<\/li>\n<li>Lettres de r\u00e9siliation pr\u00e9remplies<\/li>\n<li>Nombre illimit\u00e9 de contacts<\/li>\n<li>Nombre illimit\u00e9 de documents par cat\u00e9gorie de la vie quotidienne<\/li>\n<li>Autorisations d&rsquo;acc\u00e8s illimit\u00e9es<\/li>\n<li>D\u00e9finition du moment d&rsquo;acc\u00e8s pour chaque autorisation et chaque document (imm\u00e9diatement, apr\u00e8s le d\u00e9c\u00e8s, jamais)<\/li>\n<\/ul>\n<\/div><\/div><div class=\"w-btn-wrapper width_full\"><a class=\"w-btn us-btn-style_1 us_custom_d285a4ef icon_atleft\" id=\"LINKIDPRICE\" target=\"_blank\" href=\"https:\/\/app.legacynotes.ch\/user\/registration?lang=fr\" rel=\"noopener\"><i class=\"material-icons\">verified_user<\/i><span class=\"w-btn-label\">COMMENCER<\/span><\/a><\/div><div class=\"w-separator size_small\"><\/div><div class=\"wpb_text_column\" ><div class=\"wpb_wrapper\"><p><span style=\"font-size: 0.9em;\">* Payable par an<\/span><\/p>\n<\/div><\/div><div class=\"w-separator size_small\"><\/div><\/div><\/div><\/div><\/div><div class=\"w-separator size_large\"><\/div><\/div><\/div><\/div><div class=\"vc_col-sm-4 wpb_column vc_column_container\"><div class=\"vc_column-inner\"><div class=\"wpb_wrapper\"><div class=\"w-separator size_medium\"><\/div><div class=\"g-cols wpb_row  us_custom_80165a30 type_default valign_top vc_inner\"><div class=\"vc_col-sm-12 wpb_column vc_column_container\"><div class=\"vc_column-inner\"><div class=\"wpb_wrapper\"><div class=\"w-separator size_small\"><\/div><div class=\"wpb_text_column us_custom_d9d2068f\" ><div class=\"wpb_wrapper\"><h4 style=\"color: #009966; font-weight: bold; letter-spacing: 0.5px;\">LIFETIME<\/h4>\n<\/div><\/div><div class=\"wpb_text_column us_custom_ab60d7b5\" ><div class=\"wpb_wrapper\"><p><span style=\"font-size: 55px; text-align: left; margin-left: 35px; font-weight: 100; line-height: 66px;\"><i class=\"material-icons\" style=\"font-size: 0.75em; padding-right: 39px;\" title=\"Licence \u00e0 vie pour les particuliers\/singles\">person<\/i> 990.\u2013<\/span><br \/>\n<span style=\"font-size: 55px; text-align: left; margin-left: 35px; margin-top: -35px; font-weight: 100; line-height: 66px;\"><i class=\"material-icons\" style=\"font-size: 0.75em;\" title=\"Licence \u00e0 vie pour les couples\">group<\/i> 1&rsquo;290.\u2013<\/span><\/p>\n<\/div><\/div><div class=\"wpb_text_column us_custom_b64f64a6\" ><div class=\"wpb_wrapper\"><h6 style=\"text-align: center;\">CHF\/une fois<\/h6>\n<\/div><\/div><\/div><\/div><\/div><\/div><div class=\"g-cols wpb_row  us_custom_4fb9e5a3 type_default valign_top vc_inner\"><div class=\"vc_col-sm-12 wpb_column vc_column_container\"><div class=\"vc_column-inner\"><div class=\"wpb_wrapper\"><div class=\"wpb_text_column us_custom_e75e05de\" ><div class=\"wpb_wrapper\"><p>Pour tous ceux qui ne veulent pas d&rsquo;un mod\u00e8le d&rsquo;abonnement ou qui veulent commencer t\u00f4t et \u00e9conomiser de l&rsquo;argent \u00e0 long terme. Vous pouvez utiliser LegacyNotes Premium gratuitement d\u00e9j\u00e0 apr\u00e8s 22 ans.<\/p>\n<\/div><\/div><div class=\"wpb_text_column us_custom_d515ea92\" ><div class=\"wpb_wrapper\"><ul>\n<li>Payer une fois<\/li>\n<li>Utiliser ind\u00e9finiment<\/li>\n<li>Incluant toutes les fonctions<\/li>\n<li>La solution la plus favorable \u00e0 long terme<\/li>\n<\/ul>\n<\/div><\/div><div class=\"w-btn-wrapper width_full\"><a class=\"w-btn us-btn-style_1 icon_atleft\" id=\"LINKIDPRICE\" target=\"_blank\" href=\"https:\/\/app.legacynotes.ch\/user\/registration?lang=fr\" rel=\"noopener\"><i class=\"material-icons\">person<\/i><span class=\"w-btn-label\">COMMENCER<\/span><\/a><\/div><div class=\"w-separator us_custom_3090c82c size_small\"><\/div><div class=\"w-btn-wrapper width_full\"><a class=\"w-btn us-btn-style_1 icon_atleft\" title=\"Voici plus d&#039;informations sur l&#039;abonnement du couple\" href=\"#paarabo\"><i class=\"material-icons\">group<\/i><span class=\"w-btn-label\">LIFETIME (COUPLES)<\/span><\/a><\/div><div class=\"w-separator size_medium\"><\/div><\/div><\/div><\/div><\/div><\/div><\/div><\/div><\/div><\/div><\/section><!-- Row Backgrounds --><div class=\"upb_color\" data-bg-override=\"0\" data-bg-color=\"#ededed\" data-fadeout=\"\" data-fadeout-percentage=\"30\" data-parallax-content=\"\" data-parallax-content-sense=\"30\" data-row-effect-mobile-disable=\"true\" data-img-parallax-mobile-disable=\"true\" data-rtl=\"false\"  data-custom-vc-row=\"\"  data-vc=\"6.7.0\"  data-is_old_vc=\"\"  data-theme-support=\"\"   data-overlay=\"false\" data-overlay-color=\"\" data-overlay-pattern=\"\" data-overlay-pattern-opacity=\"\" data-overlay-pattern-size=\"\"    ><\/div><section class=\"l-section wpb_row height_medium\" id=\"paarabo\"><div class=\"l-section-h i-cf\"><div class=\"g-cols vc_row type_default valign_top\"><div class=\"vc_col-sm-6 wpb_column vc_column_container\"><div class=\"vc_column-inner\"><div class=\"wpb_wrapper\"><div class=\"wpb_text_column us_custom_4c77c721\" ><div class=\"wpb_wrapper\"><h3>Caract\u00e9ristiques sp\u00e9ciales de l&rsquo;abonnement \u00e0 vie pour les couples<\/h3>\n<\/div><\/div><div class=\"wpb_text_column\" ><div class=\"wpb_wrapper\"><p>L&rsquo;abonnement pour les couples consiste techniquement en deux abonnements \u00e0 vie distincts que nous proposons aux couples \u00e0 un tarif r\u00e9duit. La plupart des informations enregistr\u00e9es sur LegacyNotes sont tr\u00e8s personnelles, notamment en ce qui concerne les testaments de vie, les directives anticip\u00e9es et aussi les souhaits fun\u00e9raires. La quantit\u00e9 d&rsquo;informations qui s&rsquo;appliquent aux deux partenaires est g\u00e9n\u00e9ralement faible &#8211; ou rapidement saisie dans les deux abonnements.<\/p>\n<p>Lorsque vous demandez un abonnement pour un couple, vous recevrez de notre part un code de r\u00e9duction qui ram\u00e8ne chacun des deux abonnements \u00e0 vie \u00e0 645 CHF. En m\u00eame temps que le code du coupon, vous recevrez de notre part les informations n\u00e9cessaires pour utiliser correctement le coupon.<\/p>\n<\/div><\/div><div class=\"w-separator size_medium\"><\/div><div class=\"w-btn-wrapper width_full\"><a class=\"w-btn us-btn-style_1 icon_atleft\" id=\"LINKIDPRICE\" title=\"Demandez le code de coupon pour le mod\u00e8le Lifetime pour les couples ici\" href=\"mailto:info@legacynotes.ch?subject=Wir%20m\u00f6chten%20das%20Lifetime-Modell%20f\u00fcr%20Paare%20nutzen\"><i class=\"material-icons\">group<\/i><span class=\"w-btn-label\">DEMANDER LA DUR\u00c9E DE VIE POUR LES COUPLES MAINTENANT<\/span><\/a><\/div><div class=\"w-separator size_huge\"><\/div><\/div><\/div><\/div><div class=\"vc_col-sm-6 wpb_column vc_column_container\"><div class=\"vc_column-inner\"><div class=\"wpb_wrapper\"><div class=\"w-separator us_custom_3090c82c size_medium\"><\/div><div class=\"w-image align_none\"><div class=\"w-image-h\"><img width=\"1024\" height=\"536\" src=\"https:\/\/legacynotes.ch\/wp-content\/uploads\/2019\/12\/Screens_Vorsorge-Simulator-1024x536.png\" class=\"attachment-large size-large\" alt=\"Capture d&#039;\u00e9cran du simulateur de pr\u00e9voyance LegacyNotes\" loading=\"lazy\" srcset=\"https:\/\/legacynotes.ch\/wp-content\/uploads\/2019\/12\/Screens_Vorsorge-Simulator-1024x536.png 1024w, https:\/\/legacynotes.ch\/wp-content\/uploads\/2019\/12\/Screens_Vorsorge-Simulator-300x157.png 300w, https:\/\/legacynotes.ch\/wp-content\/uploads\/2019\/12\/Screens_Vorsorge-Simulator-600x314.png 600w, https:\/\/legacynotes.ch\/wp-content\/uploads\/2019\/12\/Screens_Vorsorge-Simulator-768x402.png 768w, https:\/\/legacynotes.ch\/wp-content\/uploads\/2019\/12\/Screens_Vorsorge-Simulator-150x79.png 150w, https:\/\/legacynotes.ch\/wp-content\/uploads\/2019\/12\/Screens_Vorsorge-Simulator-200x105.png 200w\" sizes=\"(max-width: 1024px) 100vw, 1024px\" \/><\/div><\/div><\/div><\/div><\/div><\/div><\/div><\/section><section class=\"l-section wpb_row height_medium\"><div class=\"l-section-h i-cf\"><div class=\"g-cols vc_row type_default valign_top\"><div class=\"vc_col-sm-12 wpb_column vc_column_container\"><div class=\"vc_column-inner us_custom_ec9218fc\"><div class=\"wpb_wrapper\"><div class=\"wpb_text_column us_custom_d9d2068f\" ><div class=\"wpb_wrapper\"><p><strong>Vous trouvez LegacyNotes int\u00e9ressant ?<\/strong><br \/>\nNous serions ravis que vous partagiez LegacyNotes avec vos contacts sur les r\u00e9seaux sociaux.<\/p>\n<\/div><\/div><div class=\"w-sharing type_simple align_left color_primary\"><div class=\"w-sharing-list\" data-sharing-url=\"https:\/\/legacynotes.ch\/pricing\" data-sharing-image=\"https:\/\/legacynotes.ch\/wp-content\/uploads\/2016\/09\/legacynotes_screen_login_03-1024x535.png\"><a class=\"w-sharing-item email\" href=\"javascript:void(0)\" title=\"Envoyer ceci par courriel\" aria-label=\"Envoyer ceci par courriel\"><i class=\"fas fa-envelope\"><\/i><\/a><a class=\"w-sharing-item facebook\" href=\"javascript:void(0)\" title=\"Partager ceci\" aria-label=\"Partager ceci\"><i class=\"fab fa-facebook\"><\/i><\/a><a class=\"w-sharing-item twitter\" href=\"javascript:void(0)\" title=\"Twitter ceci\" aria-label=\"Twitter ceci\"><i class=\"fab fa-twitter\"><\/i><\/a><a class=\"w-sharing-item linkedin\" href=\"javascript:void(0)\" title=\"Partager ceci\" aria-label=\"Partager ceci\"><i class=\"fab fa-linkedin\"><\/i><\/a><a class=\"w-sharing-item whatsapp\" href=\"javascript:void(0)\" title=\"Partager ceci\" aria-label=\"Partager ceci\"><i class=\"fab fa-whatsapp\"><\/i><\/a><a class=\"w-sharing-item xing\" href=\"javascript:void(0)\" title=\"Partager ceci\" aria-label=\"Partager ceci\"><i class=\"fab fa-xing\"><\/i><\/a><\/div><\/div><\/div><\/div><\/div><\/div><\/div><\/section>\n","protected":false},"excerpt":{"rendered":"Prix et forfaits LegacyNotes est con\u00e7u pour aider les gens \u00e0 prendre des d\u00e9cisions difficiles. De nombreuses fonctions sont donc disponibles gratuitement dans l&rsquo;offre de base. Si vous souhaitez utiliser des fonctions suppl\u00e9mentaires, vous les obtenez avec le forfait Premium ou Lifetime: dans le cadre d&rsquo;un abonnement annuel ou en payant un droit de licence...","protected":false},"author":3,"featured_media":2808,"parent":0,"menu_order":10,"comment_status":"closed","ping_status":"closed","template":"","meta":{"_mi_skip_tracking":false},"acf":[],"_links":{"self":[{"href":"https:\/\/legacynotes.ch\/fr\/wp-json\/wp\/v2\/pages\/4012"}],"collection":[{"href":"https:\/\/legacynotes.ch\/fr\/wp-json\/wp\/v2\/pages"}],"about":[{"href":"https:\/\/legacynotes.ch\/fr\/wp-json\/wp\/v2\/types\/page"}],"author":[{"embeddable":true,"href":"https:\/\/legacynotes.ch\/fr\/wp-json\/wp\/v2\/users\/3"}],"replies":[{"embeddable":true,"href":"https:\/\/legacynotes.ch\/fr\/wp-json\/wp\/v2\/comments?post=4012"}],"version-history":[{"count":17,"href":"https:\/\/legacynotes.ch\/fr\/wp-json\/wp\/v2\/pages\/4012\/revisions"}],"predecessor-version":[{"id":5562,"href":"https:\/\/legacynotes.ch\/fr\/wp-json\/wp\/v2\/pages\/4012\/revisions\/5562"}],"wp:featuredmedia":[{"embeddable":true,"href":"https:\/\/legacynotes.ch\/fr\/wp-json\/wp\/v2\/media\/2808"}],"wp:attachment":[{"href":"https:\/\/legacynotes.ch\/fr\/wp-json\/wp\/v2\/media?parent=4012"}],"curies":[{"name":"wp","href":"https:\/\/api.w.org\/{rel}","templated":true}]}}