{"id":4666,"date":"2021-07-28T08:14:54","date_gmt":"2021-07-28T06:14:54","guid":{"rendered":"https:\/\/legacynotes.ch\/mentions-legales\/"},"modified":"2021-08-18T08:32:34","modified_gmt":"2021-08-18T06:32:34","slug":"mentions-legales","status":"publish","type":"page","link":"https:\/\/legacynotes.ch\/fr\/mentions-legales\/","title":{"rendered":"Mentions l\u00e9gales"},"content":{"rendered":"<section class=\"l-section wpb_row height_small\"><div class=\"l-section-h i-cf\"><div class=\"g-cols vc_row type_default valign_top\"><div class=\"vc_col-sm-12 wpb_column vc_column_container\"><div class=\"vc_column-inner\"><div class=\"wpb_wrapper\"><div class=\"wpb_text_column us_custom_a92bf69e\" ><div class=\"wpb_wrapper\"><h1>Mentions l\u00e9gales<\/h1>\n<\/div><\/div><div class=\"w-separator size_medium\"><\/div><\/div><\/div><\/div><\/div><\/div><\/section><section class=\"l-section wpb_row height_auto\"><div class=\"l-section-h i-cf\"><div class=\"g-cols vc_row type_default valign_top\"><div class=\"vc_col-sm-6 wpb_column vc_column_container\"><div class=\"vc_column-inner\"><div class=\"wpb_wrapper\"><div class=\"wpb_text_column\" ><div class=\"wpb_wrapper\"><p>Responsable du contenu<\/p>\n<p><strong>LegacyNotes GmbH<\/strong><br \/>\nRosenbergstrasse 87<br \/>\nCH-9000 St.Gallen<\/p>\n<p><a href=\"mailto:info@legacynotes.ch\">info@legacynotes.ch<\/a><\/p>\n<p>Num\u00e9ro d&rsquo;identification de l&rsquo;entreprise (UID) : CHE-215.718.662<\/p>\n<p>LegacyNotes est une plateforme pour la planification successorale num\u00e9rique, les testaments de vie, les directives anticip\u00e9es, la planification de l&rsquo;h\u00e9ritage, les testaments. L&rsquo;entreprise est bas\u00e9e en Suisse. La plateforme a \u00e9galement \u00e9t\u00e9 d\u00e9velopp\u00e9e en Suisse et les donn\u00e9es sont stock\u00e9es sur des serveurs en Suisse.<\/p>\n<p>&nbsp;<\/p>\n<p>\u00a9 LegacyNotes GmbH 2015 &#8211; 2026<\/p>\n<\/div><\/div><\/div><\/div><\/div><div class=\"vc_col-sm-6 wpb_column vc_column_container\"><div class=\"vc_column-inner\"><div class=\"wpb_wrapper\"><div class=\"wpb_text_column\" ><div class=\"wpb_wrapper\"><p>\u00a0<\/p>\n<\/div><\/div><\/div><\/div><\/div><\/div><\/div><\/section><section class=\"l-section wpb_row height_medium\"><div class=\"l-section-h i-cf\"><div class=\"g-cols vc_row type_default valign_top\"><div class=\"vc_col-sm-12 wpb_column vc_column_container\"><div class=\"vc_column-inner\"><div class=\"wpb_wrapper\"><\/div><\/div><\/div><\/div><\/div><\/section>\n","protected":false},"excerpt":{"rendered":"Mentions l\u00e9gales Responsable du contenu LegacyNotes GmbH Rosenbergstrasse 87 CH-9000 St.Gallen info@legacynotes.ch Num\u00e9ro d&rsquo;identification de l&rsquo;entreprise (UID) : CHE-215.718.662 LegacyNotes est une plateforme pour la planification successorale num\u00e9rique, les testaments de vie, les directives anticip\u00e9es, la planification de l&rsquo;h\u00e9ritage, les testaments. L&rsquo;entreprise est bas\u00e9e en Suisse. La plateforme a \u00e9galement \u00e9t\u00e9 d\u00e9velopp\u00e9e en Suisse et...","protected":false},"author":3,"featured_media":2808,"parent":0,"menu_order":53,"comment_status":"closed","ping_status":"closed","template":"","meta":{"_mi_skip_tracking":false},"acf":[],"_links":{"self":[{"href":"https:\/\/legacynotes.ch\/fr\/wp-json\/wp\/v2\/pages\/4666"}],"collection":[{"href":"https:\/\/legacynotes.ch\/fr\/wp-json\/wp\/v2\/pages"}],"about":[{"href":"https:\/\/legacynotes.ch\/fr\/wp-json\/wp\/v2\/types\/page"}],"author":[{"embeddable":true,"href":"https:\/\/legacynotes.ch\/fr\/wp-json\/wp\/v2\/users\/3"}],"replies":[{"embeddable":true,"href":"https:\/\/legacynotes.ch\/fr\/wp-json\/wp\/v2\/comments?post=4666"}],"version-history":[{"count":5,"href":"https:\/\/legacynotes.ch\/fr\/wp-json\/wp\/v2\/pages\/4666\/revisions"}],"predecessor-version":[{"id":4796,"href":"https:\/\/legacynotes.ch\/fr\/wp-json\/wp\/v2\/pages\/4666\/revisions\/4796"}],"wp:featuredmedia":[{"embeddable":true,"href":"https:\/\/legacynotes.ch\/fr\/wp-json\/wp\/v2\/media\/2808"}],"wp:attachment":[{"href":"https:\/\/legacynotes.ch\/fr\/wp-json\/wp\/v2\/media?parent=4666"}],"curies":[{"name":"wp","href":"https:\/\/api.w.org\/{rel}","templated":true}]}}